                        {"id":9,"date":"2024-07-17T04:53:47","date_gmt":"2024-07-17T04:53:47","guid":{"rendered":"https:\/\/aonetheme.com\/restuwp\/?page_id=9"},"modified":"2025-03-08T20:23:36","modified_gmt":"2025-03-08T20:23:36","slug":"restu-home-02","status":"publish","type":"page","link":"https:\/\/casapontel.fr\/","title":{"rendered":"Restu Home-02"},"content":{"rendered":"<h1>D\u00e9pendance appartement<\/h1>\n<h1>St Germain En LAYE<\/h1>\n<p>\t\t\t\t\t\t\t\t\t\t\t\t\t\t\t<img loading=\"lazy\" decoding=\"async\" width=\"125\" height=\"125\" src=\"https:\/\/casapontel.fr\/wp-content\/uploads\/2024\/07\/hero-shape-1.png\" alt=\"\" srcset=\"https:\/\/casapontel.fr\/wp-content\/uploads\/2024\/07\/hero-shape-1.png 125w, https:\/\/casapontel.fr\/wp-content\/uploads\/2024\/07\/hero-shape-1-100x100.png 100w, https:\/\/casapontel.fr\/wp-content\/uploads\/2024\/07\/hero-shape-1-106x106.png 106w, https:\/\/casapontel.fr\/wp-content\/uploads\/2024\/07\/hero-shape-1-80x80.png 80w\" sizes=\"auto, (max-width: 125px) 100vw, 125px\" \/><br \/>\n\t\t[appointy-hotel-check-availability-form]<br \/>\n\t\t\t\t\t\t\t\t\t\t\t\t\t\t\t<img loading=\"lazy\" decoding=\"async\" width=\"125\" height=\"125\" src=\"https:\/\/casapontel.fr\/wp-content\/uploads\/2024\/07\/hero-shape-1.png\" alt=\"\" srcset=\"https:\/\/casapontel.fr\/wp-content\/uploads\/2024\/07\/hero-shape-1.png 125w, https:\/\/casapontel.fr\/wp-content\/uploads\/2024\/07\/hero-shape-1-100x100.png 100w, https:\/\/casapontel.fr\/wp-content\/uploads\/2024\/07\/hero-shape-1-106x106.png 106w, https:\/\/casapontel.fr\/wp-content\/uploads\/2024\/07\/hero-shape-1-80x80.png 80w\" sizes=\"auto, (max-width: 125px) 100vw, 125px\" \/><br \/>\n\t\t\t\t\t\t\t<img decoding=\"async\" src=\"https:\/\/casapontel.fr\/wp-content\/uploads\/2025\/03\/salon.jpg\" alt=\"\"><br \/>\n\t\t\t\t\t\t\t<img decoding=\"async\" src=\"https:\/\/casapontel.fr\/wp-content\/uploads\/2025\/03\/bain.jpg\" alt=\"\"><br \/>\n\t\t\t\t\t\t\t<img decoding=\"async\" src=\"https:\/\/casapontel.fr\/wp-content\/uploads\/2025\/03\/cuisine-scaled.jpg\" alt=\"\"><\/p>\n<h5>Studio moderne cosy<\/h5>\n<h3>Proche Du CHATEAU<\/h3>\n<h3>St Germain en laye<\/h3>\n<p>Belle pause d\u00e9tente pr\u00e8s des bois et non loin de la for\u00eat de la Saint Germain et Marly, parfait pour 4, avec WiFi et TV, c&rsquo;est l&rsquo;escapade id\u00e9ale pour explorer la ville en famille ou entre amis, tout en profitant du confort moderne.<\/p>\n<p>\t\t\t\t\t\t\t\t\t\t\t\t\t\t\t<img loading=\"lazy\" decoding=\"async\" width=\"706\" height=\"938\" src=\"https:\/\/casapontel.fr\/wp-content\/uploads\/2025\/01\/WhatsApp-Image-2025-01-22-at-11.39.11.jpeg\" alt=\"\" srcset=\"https:\/\/casapontel.fr\/wp-content\/uploads\/2025\/01\/WhatsApp-Image-2025-01-22-at-11.39.11.jpeg 706w, https:\/\/casapontel.fr\/wp-content\/uploads\/2025\/01\/WhatsApp-Image-2025-01-22-at-11.39.11-226x300.jpeg 226w, https:\/\/casapontel.fr\/wp-content\/uploads\/2025\/01\/WhatsApp-Image-2025-01-22-at-11.39.11-600x797.jpeg 600w\" sizes=\"auto, (max-width: 706px) 100vw, 706px\" \/><br \/>\n\t\t\t\t\t\t\t\t\t\t\t\t\t\t\t<img loading=\"lazy\" decoding=\"async\" width=\"480\" height=\"640\" src=\"https:\/\/casapontel.fr\/wp-content\/uploads\/2025\/03\/chambre1.jpg\" alt=\"\" srcset=\"https:\/\/casapontel.fr\/wp-content\/uploads\/2025\/03\/chambre1.jpg 480w, https:\/\/casapontel.fr\/wp-content\/uploads\/2025\/03\/chambre1-225x300.jpg 225w\" sizes=\"auto, (max-width: 480px) 100vw, 480px\" \/><br \/>\n\t\t\t\t\t\t\t\t<a href=\"https:\/\/aonetheme.com\/restuwp\/about-us\/\"><br \/>\n\t\t\t\t\tTourisme\t\t\t\t\t\t\t\t\t<\/a><\/p>\n<p>\u00ab\u00a0Situ\u00e9 juste \u00e0 l&rsquo;ext\u00e9rieur de la ville dans un quartier tr\u00e8s calme, ce qui est tr\u00e8s agr\u00e9able, pour se d\u00e9tendre. C&rsquo;est une extension du b\u00e2timent principal. Tout ce dont vous avez besoin est \u00e0 disposition. Le propri\u00e9taire habite \u00e0 c\u00f4t\u00e9 et essaie de tout faire, de parler \u00e0 ses h\u00f4tes et de les aider si besoin. Nous avions oubli\u00e9 d&rsquo;acheter de l&rsquo;eau potable, monsieur nous avait apport\u00e9 des bouteilles d&rsquo;eau en deux minutes. Petit mais agr\u00e9able. Tr\u00e8s bien monsieur.<br \/>\nRien. A ce prix, c&rsquo;est tr\u00e8s bien.\u00a0\u00bb\n<\/p>\n<p>\t\t\t\t\t<img decoding=\"async\" src=\"https:\/\/aonetheme.com\/restuwp\/wp-content\/uploads\/2024\/07\/about-author.png\" alt=\"restu\" \/><\/p>\n<h2> Prithipal , nl<\/h2>\n<\/p>\n<p>\t\t\t\t\t\t\t\t\t\t\t\t\t\t\t<img loading=\"lazy\" decoding=\"async\" width=\"1084\" height=\"932\" src=\"https:\/\/casapontel.fr\/wp-content\/uploads\/2025\/01\/WhatsApp-Image-2025-01-22-at-11.39.45.jpeg\" alt=\"\" srcset=\"https:\/\/casapontel.fr\/wp-content\/uploads\/2025\/01\/WhatsApp-Image-2025-01-22-at-11.39.45.jpeg 1084w, https:\/\/casapontel.fr\/wp-content\/uploads\/2025\/01\/WhatsApp-Image-2025-01-22-at-11.39.45-300x258.jpeg 300w, https:\/\/casapontel.fr\/wp-content\/uploads\/2025\/01\/WhatsApp-Image-2025-01-22-at-11.39.45-1024x880.jpeg 1024w, https:\/\/casapontel.fr\/wp-content\/uploads\/2025\/01\/WhatsApp-Image-2025-01-22-at-11.39.45-768x660.jpeg 768w, https:\/\/casapontel.fr\/wp-content\/uploads\/2025\/01\/WhatsApp-Image-2025-01-22-at-11.39.45-600x516.jpeg 600w\" sizes=\"auto, (max-width: 1084px) 100vw, 1084px\" \/>\t\t\t\t\t\t\t\t\t\t\t\t\t\t\t<\/p>\n<h5>L&rsquo;appartement<\/h5>\n<h3>Nos chambres confortables<\/h3>\n<p>L&rsquo;appartement est tout neuf  et  enti\u00e8rement \u00e9quip\u00e9 avec tous les \u00e9quipements modernes dont vous avez besoin pour un s\u00e9jour confortable. D\u00e8s que vous entrez, vous vous sentirez comme chez vous avec son ambiance chaleureuse<\/p>\n<p>\t\t\t\t\t\t\t\t<img decoding=\"async\" src=\"https:\/\/casapontel.fr\/wp-content\/uploads\/2025\/01\/A7I07759-scaled.jpeg\" alt=\"restu\"><\/p>\n<h2> <a href=\"\">Grande chambre<\/a><\/h2>\n<p>12 m2 \/ 2 adultes<\/p>\n<p>\t\t\t\t\t\t\t\t<img decoding=\"async\" src=\"https:\/\/casapontel.fr\/wp-content\/uploads\/2025\/03\/chambre1.jpg\" alt=\"restu\"><\/p>\n<h2> <a href=\"\">Petite chambre<\/a><\/h2>\n<p>9 m2 \/ 2 adultes \/2 enfants<\/p>\n<p>\t\t\t\t\t\t\t\t<img decoding=\"async\" src=\"https:\/\/aonetheme.com\/restuwp\/wp-content\/uploads\/2024\/07\/room-2-1.jpg\" alt=\"restu\"><\/p>\n<h2> <a href=\"https:\/\/aonetheme.com\/restuwp\/rooms-details\/\">Standard Room<\/a><\/h2>\n<p>27 m2 \/ 3 adults 1 children<\/p>\n<p>\t\t\t\t\t\t\t\t\t\t$200<br \/>\n\t\t\t\t\t<img decoding=\"async\" src=\"https:\/\/aonetheme.com\/restuwp\/wp-content\/uploads\/2024\/07\/facilities-icon1.png\" alt=\"restu\" \/><\/p>\n<h2>Chauffage<\/h2>\n<\/p>\n<p>\t\t\t\t\t<img decoding=\"async\" src=\"https:\/\/aonetheme.com\/restuwp\/wp-content\/uploads\/2024\/07\/facilities-icon2.png\" alt=\"restu\" \/><\/p>\n<h2>Wifi &#038; fibre<\/h2>\n<\/p>\n<p>\t\t\t\t\t<img decoding=\"async\" src=\"https:\/\/aonetheme.com\/restuwp\/wp-content\/uploads\/2024\/07\/facilities-icon3.png\" alt=\"restu\" \/><\/p>\n<h2>Entr\u00e9e autonome<\/h2>\n<\/p>\n<p>\t\t\t\t\t<img decoding=\"async\" src=\"https:\/\/aonetheme.com\/restuwp\/wp-content\/uploads\/2024\/07\/facilities-icon4.png\" alt=\"restu\" \/><\/p>\n<h2>Espace detente<\/h2>\n<\/p>\n<p>\t\t\t\t\t<img decoding=\"async\" src=\"https:\/\/aonetheme.com\/restuwp\/wp-content\/uploads\/2024\/07\/facilities-icon5.png\" alt=\"restu\" \/><\/p>\n<h2>Caf\u00e9 &#038; th\u00e9<\/h2>\n<\/p>\n<p>\t\t\t\t\t<img decoding=\"async\" src=\"https:\/\/casapontel.fr\/wp-content\/uploads\/2024\/10\/room-details-icon3.png\" alt=\"restu\" \/><\/p>\n<h2>Parking<\/h2>\n<\/p>\n<h5>Nos services<\/h5>\n<h3>Spacieuse et accueillante, id\u00e9ale pour votre Sejour<\/h3>\n<p>\t\t\t\t\t\t\t\t\t\t\t<img decoding=\"async\" src=\"https:\/\/aonetheme.com\/restuwp\/wp-content\/uploads\/2024\/07\/service-icon-1.png\" alt=\"\"><\/p>\n<h4><\/h4>\n<h3>CALME ET SECURISANT<\/h3>\n<p>Situ\u00e9e dans un quartier calme et familial de Saint-Germain-en-Laye , proche des commerces et des transports.<\/p>\n<p>\t\t\t\t\t\t\t<a href=\"https:\/\/aonetheme.com\/restuwp\/service-details\/\"><br \/>\n\t\t\t\t\t\t\t\tLire plus\t\t\t\t\t\t\t\t\t\t\t\t\t\t\t<\/a><br \/>\n\t\t\t\t\t\t\t\t\t\t\t<img decoding=\"async\" src=\"https:\/\/aonetheme.com\/restuwp\/wp-content\/uploads\/2024\/07\/service-icon-2.png\" alt=\"\"><\/p>\n<h4><\/h4>\n<h3>confort et intimit\u00e9<\/h3>\n<p>Voyagez l\u00e9ger, la maison est enti\u00e8rement \u00e9quip\u00e9e :<br \/>\nKit d\u2019accueil avec caf\u00e9, th\u00e9, sucre, biscuits<br \/>\n.Guide de bienvenue avec toutes les informations pratiques sur la maison.\n<\/p>\n<p>\t\t\t\t\t\t\t<a href=\"\"><br \/>\n\t\t\t\t\t\t\t\t\t\t\t\t\t\t\t\t\t\t\t\t\t\t\t<\/a><br \/>\n\t\t\t\t\t\t\t\t\t\t\t<img decoding=\"async\" src=\"https:\/\/aonetheme.com\/restuwp\/wp-content\/uploads\/2024\/07\/service-icon-3.png\" alt=\"\"><\/p>\n<h4><\/h4>\n<h3>Studio cosy<\/h3>\n<p>Au plaisir de vous accueillir dans notre appartement et de faire de votre s\u00e9jour \u00e0 Saint-Germain-en-Laye un moment inoubliable<\/p>\n<p>\t\t\t\t\t\t\t<a href=\"\"><br \/>\n\t\t\t\t\t\t\t\t\t\t\t\t\t\t\t\t\t\t\t\t\t\t\t<\/a><br \/>\n\t\t\t\t\t\t\t\t\t\t\t\t\t\t\t<img loading=\"lazy\" decoding=\"async\" width=\"940\" height=\"541\" src=\"https:\/\/casapontel.fr\/wp-content\/uploads\/2024\/07\/place-thumb-1.jpg\" alt=\"\" srcset=\"https:\/\/casapontel.fr\/wp-content\/uploads\/2024\/07\/place-thumb-1.jpg 940w, https:\/\/casapontel.fr\/wp-content\/uploads\/2024\/07\/place-thumb-1-600x345.jpg 600w, https:\/\/casapontel.fr\/wp-content\/uploads\/2024\/07\/place-thumb-1-300x173.jpg 300w, https:\/\/casapontel.fr\/wp-content\/uploads\/2024\/07\/place-thumb-1-768x442.jpg 768w\" sizes=\"auto, (max-width: 940px) 100vw, 940px\" \/><br \/>\n\t\t\t\t\t\t\t\t\t\t\t<img decoding=\"async\" src=\"\" alt=\"\"><\/p>\n<h4>A proximit\u00e9<\/h4>\n<h3>Cafe &#038; Restaurant<\/h3>\n<p>Champs Elys\u00e9es direct \u00e0 30 mn en RER, Tour Eiffel 35 mn, Chateau de Versailles 10 mn en Uber.\n<\/p>\n<p>\t\t\t\t\t\t\t<a href=\"\"><br \/>\n\t\t\t\t\t\t\t\t\t\t\t\t\t\t\t\t\t\t\t\t\t\t\t<\/a><\/p>\n<p>Situ\u00e9 juste \u00e0 l&rsquo;ext\u00e9rieur de la ville dans un quartier tr\u00e8s calme, ce qui est tr\u00e8s agr\u00e9able, pour se d\u00e9tendre. C&rsquo;est une extension du b\u00e2timent principal. Tout ce dont vous avez besoin est \u00e0 disposition. Le propri\u00e9taire habite \u00e0 c\u00f4t\u00e9 et essaie de tout faire, de parler \u00e0 ses h\u00f4tes et de les aider si besoin. Nous avions oubli\u00e9 d&rsquo;acheter de l&rsquo;eau potable, monsieur nous avait apport\u00e9 des bouteilles d&rsquo;eau en deux minutes. Petit mais agr\u00e9able. Tr\u00e8s bien monsieur.<br \/>\nRien. A ce prix, c&rsquo;est tr\u00e8s bien.<\/p>\n<h4>Prithipal , nl<\/h4>\n<h5><\/h5>\n<p>\u201c c&rsquo;\u00e9tait parfait, le logement vient d&rsquo;\u00eatre r\u00e9nov\u00e9 et tout est neuf ; il est bien \u00e9quip\u00e9 et bien situ\u00e9, \u00e0 quelques minutes du RER A<\/p>\n<h4>Paolo, Italie<\/h4>\n<h5><\/h5>\n<p>\u201c Nous avons pass\u00e9 un tr\u00e8s bon s\u00e9jour dans ce loft spacieux et bien am\u00e9nag\u00e9. L&rsquo;h\u00f4te est tr\u00e8s organis\u00e9, l&rsquo;arriv\u00e9e est donc facile et il envoie des vid\u00e9os utiles.<\/p>\n<h4>Carlos, Pologne<\/h4>\n<h5><\/h5>\n<p>\t\t\t<iframe loading=\"lazy\"\n\t\t\t\t\tsrc=\"https:\/\/maps.google.com\/maps?q=4%20rue%20des%20colombes%2C%2078100&#038;t=m&#038;z=15&#038;output=embed&#038;iwloc=near\"\n\t\t\t\t\ttitle=\"4 rue des colombes, 78100\"\n\t\t\t\t\taria-label=\"4 rue des colombes, 78100\"\n\t\t\t><\/iframe><\/p>\n<h2>Meilleur prix<\/h2>\n<p>R\u00e9servez directement \u2013 10% de r\u00e9duction!<\/p>\n<h2>10% en plus<\/h2>\n<p>R\u00e9servez d\u00e8s maintenant pour un s\u00e9jour unique dans un espace alliant confort et intimit\u00e9 !<\/p>\n<p>\t\t\t\t<a href=\"https:\/\/aonetheme.com\/restuwp\/contact\/\"><br \/>\n\t\t\t\t\tR\u00e9servez \t\t\t\t\t\t\t\t\t<\/a><\/p>\n","protected":false},"excerpt":{"rendered":"<p>D\u00e9pendance appartement St Germain En LAYE [appointy-hotel-check-availability-form] Studio moderne cosy Proche Du CHATEAU St Germain en laye Belle pause d\u00e9tente pr\u00e8s des bois et non loin de la for\u00eat de la Saint Germain et Marly, parfait pour 4, avec WiFi et TV, c&rsquo;est l&rsquo;escapade id\u00e9ale pour explorer la ville en famille ou entre amis, tout [&hellip;]<\/p>\n","protected":false},"author":1,"featured_media":0,"parent":0,"menu_order":0,"comment_status":"closed","ping_status":"closed","template":"page-templates\/template-default.php","meta":{"footnotes":""},"class_list":["post-9","page","type-page","status-publish","hentry"],"_links":{"self":[{"href":"https:\/\/casapontel.fr\/index.php?rest_route=\/wp\/v2\/pages\/9","targetHints":{"allow":["GET"]}}],"collection":[{"href":"https:\/\/casapontel.fr\/index.php?rest_route=\/wp\/v2\/pages"}],"about":[{"href":"https:\/\/casapontel.fr\/index.php?rest_route=\/wp\/v2\/types\/page"}],"author":[{"embeddable":true,"href":"https:\/\/casapontel.fr\/index.php?rest_route=\/wp\/v2\/users\/1"}],"replies":[{"embeddable":true,"href":"https:\/\/casapontel.fr\/index.php?rest_route=%2Fwp%2Fv2%2Fcomments&post=9"}],"version-history":[{"count":73,"href":"https:\/\/casapontel.fr\/index.php?rest_route=\/wp\/v2\/pages\/9\/revisions"}],"predecessor-version":[{"id":3578,"href":"https:\/\/casapontel.fr\/index.php?rest_route=\/wp\/v2\/pages\/9\/revisions\/3578"}],"wp:attachment":[{"href":"https:\/\/casapontel.fr\/index.php?rest_route=%2Fwp%2Fv2%2Fmedia&parent=9"}],"curies":[{"name":"wp","href":"https:\/\/api.w.org\/{rel}","templated":true}]}}